{"id":234,"date":"2017-12-03T00:18:29","date_gmt":"2017-12-03T00:18:29","guid":{"rendered":"http:\/\/www.cercitop.org\/www\/?page_id=234"},"modified":"2023-02-07T17:21:14","modified_gmt":"2023-02-07T17:21:14","slug":"donativo","status":"publish","type":"page","link":"https:\/\/www.cercitop.org\/www\/donativo\/","title":{"rendered":"Donativo"},"content":{"rendered":"<p style=\"text-align: center;\">O seu apoio \u00e9 fundamental para a concretiza\u00e7\u00e3o dos nossos projetos. Pode ajudar-nos das seguintes formas:<\/p>\n<p style=\"text-align: center;\">Consigna\u00e7\u00e3o de IRS \u2013 basta colocar o nosso <strong>NIPC 504 187 368<\/strong> no campo respetivo<\/p>\n<p style=\"text-align: center;\">Transfer\u00eancia banc\u00e1ria ou dep\u00f3sito para o <strong>IBAN: PT50 0007 0000 0032 3571 534 23<\/strong><\/p>\n<p style=\"text-align: center;\">Doa\u00e7\u00e3o de g\u00e9neros (materiais de constru\u00e7\u00e3o, bens alimentares, equipamentos, etc.)<\/p>\n<p style=\"text-align: center;\">Marketing Social \u00a0\u2013 divulga\u00e7\u00e3o da CERCITOP<\/p>\n<p style=\"text-align: center;\"><strong>CERCITOP, CRL<\/strong><br \/>\nRua Vale de S. Martinho, n\u00ba 1<br \/>\n2710 &#8211; 402 Sintra<br \/>\nTel: 21 910 06 90 (chamada para a rede fixa nacional)<\/p>\n<p style=\"text-align: center;\">\n","protected":false},"excerpt":{"rendered":"O seu apoio \u00e9 fundamental para a concretiza\u00e7\u00e3o dos nossos projetos. Pode ajudar-nos das seguintes formas: Consigna\u00e7\u00e3o de IRS \u2013 basta colocar o nosso NIPC 504 187 368 no campo respetivo Transfer\u00eancia banc\u00e1ria ou dep\u00f3sito para o IBAN: PT50 0007 0000 0032 3571 534 23 Doa\u00e7\u00e3o de g\u00e9neros (materiais de constru\u00e7\u00e3o, bens alimentares, equipamentos, etc.) (&#8230;)","protected":false},"author":1,"featured_media":287,"parent":0,"menu_order":10,"comment_status":"closed","ping_status":"closed","template":"","meta":{"footnotes":""},"_links":{"self":[{"href":"https:\/\/www.cercitop.org\/www\/wp-json\/wp\/v2\/pages\/234"}],"collection":[{"href":"https:\/\/www.cercitop.org\/www\/wp-json\/wp\/v2\/pages"}],"about":[{"href":"https:\/\/www.cercitop.org\/www\/wp-json\/wp\/v2\/types\/page"}],"author":[{"embeddable":true,"href":"https:\/\/www.cercitop.org\/www\/wp-json\/wp\/v2\/users\/1"}],"replies":[{"embeddable":true,"href":"https:\/\/www.cercitop.org\/www\/wp-json\/wp\/v2\/comments?post=234"}],"version-history":[{"count":14,"href":"https:\/\/www.cercitop.org\/www\/wp-json\/wp\/v2\/pages\/234\/revisions"}],"predecessor-version":[{"id":1086,"href":"https:\/\/www.cercitop.org\/www\/wp-json\/wp\/v2\/pages\/234\/revisions\/1086"}],"wp:featuredmedia":[{"embeddable":true,"href":"https:\/\/www.cercitop.org\/www\/wp-json\/wp\/v2\/media\/287"}],"wp:attachment":[{"href":"https:\/\/www.cercitop.org\/www\/wp-json\/wp\/v2\/media?parent=234"}],"curies":[{"name":"wp","href":"https:\/\/api.w.org\/{rel}","templated":true}]}}