{"id":242,"date":"2017-12-03T00:25:44","date_gmt":"2017-12-03T00:25:44","guid":{"rendered":"http:\/\/www.cercitop.org\/www\/?page_id=242"},"modified":"2018-06-27T09:00:11","modified_gmt":"2018-06-27T09:00:11","slug":"ser-cooperante","status":"publish","type":"page","link":"https:\/\/www.cercitop.org\/www\/ser-cooperante\/","title":{"rendered":"Ser Cooperante"},"content":{"rendered":"<p>Gostaria de juntar-se \u00e0 CERCITOP,CRL e tornar-se Cooperante?<\/p>\n<p>Consulte <a href=\"https:\/\/www.cercitop.org\/www\/ser-cooperante\/memorando\/\" target=\"_blank\" rel=\"noopener\">aqui<\/a>\u00a0memorando de Cooperativismo.<\/p>\n<p>&nbsp;<\/p>\n\n<div class=\"wpcf7 no-js\" id=\"wpcf7-f252-o1\" lang=\"pt-PT\" dir=\"ltr\">\n<div class=\"screen-reader-response\"><p role=\"status\" aria-live=\"polite\" aria-atomic=\"true\"><\/p> <ul><\/ul><\/div>\n<form action=\"\/www\/wp-json\/wp\/v2\/pages\/242#wpcf7-f252-o1\" method=\"post\" class=\"wpcf7-form init\" aria-label=\"Contact form\" novalidate=\"novalidate\" data-status=\"init\">\n<div style=\"display: none;\">\n<input type=\"hidden\" name=\"_wpcf7\" value=\"252\" \/>\n<input type=\"hidden\" name=\"_wpcf7_version\" value=\"5.7.3\" \/>\n<input type=\"hidden\" name=\"_wpcf7_locale\" value=\"pt_PT\" \/>\n<input type=\"hidden\" name=\"_wpcf7_unit_tag\" value=\"wpcf7-f252-o1\" \/>\n<input type=\"hidden\" name=\"_wpcf7_container_post\" value=\"0\" \/>\n<input type=\"hidden\" name=\"_wpcf7_posted_data_hash\" value=\"\" \/>\n<\/div>\n<p><label> Nome*<br \/>\n<span class=\"wpcf7-form-control-wrap\" data-name=\"nome\"><input size=\"40\" class=\"wpcf7-form-control wpcf7-text wpcf7-validates-as-required\" aria-required=\"true\" aria-invalid=\"false\" value=\"\" type=\"text\" name=\"nome\" \/><\/span><br \/>\n<\/label>\n<\/p>\n<p><label> Telefone*<br \/>\n<span class=\"wpcf7-form-control-wrap\" data-name=\"telefone\"><input size=\"40\" class=\"wpcf7-form-control wpcf7-text wpcf7-validates-as-required\" aria-required=\"true\" aria-invalid=\"false\" value=\"\" type=\"text\" name=\"telefone\" \/><\/span><br \/>\n<\/label>\n<\/p>\n<p><label> Email<br \/>\n<span class=\"wpcf7-form-control-wrap\" data-name=\"email\"><input size=\"40\" class=\"wpcf7-form-control wpcf7-text wpcf7-email wpcf7-validates-as-email\" aria-invalid=\"false\" value=\"\" type=\"email\" name=\"email\" \/><\/span><br \/>\n<\/label>\n<\/p>\n<p>&nbsp;\n<\/p>\n<p><strong>Rela\u00e7\u00e3o com a CERCITOP,CRL<\/strong>\n<\/p>\n<div class=\"donativo_quadrado\">\n\t<p><span class=\"wpcf7-form-control-wrap\" data-name=\"relacao\"><span class=\"wpcf7-form-control wpcf7-checkbox donativo_check\"><span class=\"wpcf7-list-item first last\"><input type=\"checkbox\" name=\"relacao[]\" value=\"Familiar \/ Tutor\" tabindex=\"\" \/><span class=\"wpcf7-list-item-label\">Familiar \/ Tutor<\/span><\/span><\/span><\/span>\n\t<\/p>\n\t<p><label> Grau de Parentesco<br \/>\n<span class=\"wpcf7-form-control-wrap\" data-name=\"parentesco\"><input size=\"40\" class=\"wpcf7-form-control wpcf7-text\" aria-invalid=\"false\" value=\"\" type=\"text\" name=\"parentesco\" \/><\/span><br \/>\n<\/label>\n\t<\/p>\n\t<p><label> Nome do Cliente<br \/>\n<span class=\"wpcf7-form-control-wrap\" data-name=\"cliente\"><input size=\"40\" class=\"wpcf7-form-control wpcf7-text\" aria-invalid=\"false\" value=\"\" type=\"text\" name=\"cliente\" \/><\/span><br \/>\n<\/label>\n\t<\/p>\n<\/div>\n<div class=\"donativo_quadrado\">\n\t<p><span class=\"wpcf7-form-control-wrap\" data-name=\"colaborador\"><span class=\"wpcf7-form-control wpcf7-checkbox donativo_check\"><span class=\"wpcf7-list-item first last\"><input type=\"checkbox\" name=\"colaborador[]\" value=\"Colaborador\" tabindex=\"\" \/><span class=\"wpcf7-list-item-label\">Colaborador<\/span><\/span><\/span><\/span>\n\t<\/p>\n\t<p><label> Fun\u00e7\u00e3o \/ Cargo<br \/>\n<span class=\"wpcf7-form-control-wrap\" data-name=\"funcao\"><input size=\"40\" class=\"wpcf7-form-control wpcf7-text\" aria-invalid=\"false\" value=\"\" type=\"text\" name=\"funcao\" \/><\/span><br \/>\n<\/label>\n\t<\/p>\n<\/div>\n<div class=\"donativo_quadrado\">\n\t<p><span class=\"wpcf7-form-control-wrap\" data-name=\"outros\"><span class=\"wpcf7-form-control wpcf7-checkbox donativo_check\"><span class=\"wpcf7-list-item first last\"><input type=\"checkbox\" name=\"outros[]\" value=\"Outros\" tabindex=\"\" \/><span class=\"wpcf7-list-item-label\">Outros<\/span><\/span><\/span><\/span>\n\t<\/p>\n\t<p><label> Qual<br \/>\n<span class=\"wpcf7-form-control-wrap\" data-name=\"qual\"><input size=\"40\" class=\"wpcf7-form-control wpcf7-text\" aria-invalid=\"false\" value=\"\" type=\"text\" name=\"qual\" \/><\/span><br \/>\n<\/label>\n\t<\/p>\n<\/div>\n<p>&nbsp;\n<\/p>\n<p><strong>Valor m\u00ednimo dos t\u00edtulos (3 t\u00edtulos, 100 euros cada)<br \/>\nJoia 25 euros<\/strong>\n<\/p>\n<p><label> Valor Pretendido*<br \/>\n<span class=\"wpcf7-form-control-wrap\" data-name=\"valor\"><input size=\"40\" class=\"wpcf7-form-control wpcf7-text wpcf7-validates-as-required\" aria-required=\"true\" aria-invalid=\"false\" value=\"\" type=\"text\" name=\"valor\" \/><\/span><br \/>\n<\/label>\n<\/p>\n<p>&nbsp;\n<\/p>\n<p><strong>Valor anual da Quota 1 euro<\/strong>\n<\/p>\n<p><label> Valor Pretendido*<br \/>\n<span class=\"wpcf7-form-control-wrap\" data-name=\"valor2\"><input size=\"40\" class=\"wpcf7-form-control wpcf7-text wpcf7-validates-as-required\" aria-required=\"true\" aria-invalid=\"false\" value=\"\" type=\"text\" name=\"valor2\" \/><\/span><br \/>\n<\/label>\n<\/p>\n<p>Forma de Pagamento*<br \/>\n<span class=\"wpcf7-form-control-wrap\" data-name=\"pagamento2\"><span class=\"wpcf7-form-control wpcf7-radio\"><span class=\"wpcf7-list-item first\"><input type=\"radio\" name=\"pagamento2\" value=\"Semestral\" checked=\"checked\" tabindex=\"\" \/><span class=\"wpcf7-list-item-label\">Semestral<\/span><\/span><span class=\"wpcf7-list-item last\"><input type=\"radio\" name=\"pagamento2\" value=\"Anual\" tabindex=\"\" \/><span class=\"wpcf7-list-item-label\">Anual<\/span><\/span><\/span><\/span>\n<\/p>\n<p>&nbsp;\n<\/p>\n<p><strong>Modo de pagamento<\/strong><br \/>\n<span class=\"wpcf7-form-control-wrap\" data-name=\"modo\"><span class=\"wpcf7-form-control wpcf7-radio\"><span class=\"wpcf7-list-item first\"><input type=\"radio\" name=\"modo\" value=\"Transfer\u00eancia Banc\u00e1ria\" checked=\"checked\" tabindex=\"\" \/><span class=\"wpcf7-list-item-label\">Transfer\u00eancia Banc\u00e1ria<\/span><\/span><span class=\"wpcf7-list-item last\"><input type=\"radio\" name=\"modo\" value=\"Numer\u00e1rio \/ Cheque\" tabindex=\"\" \/><span class=\"wpcf7-list-item-label\">Numer\u00e1rio \/ Cheque<\/span><\/span><\/span><\/span>\n<\/p>\n<p>&nbsp;\n<\/p>\n<p><span class=\"wpcf7-form-control-wrap\" data-name=\"checkbox-761\"><span class=\"wpcf7-form-control wpcf7-checkbox wpcf7-validates-as-required\"><span class=\"wpcf7-list-item first last\"><span class=\"wpcf7-list-item-label\">Consinto a recolha, registo e tratamento dos meus dados nos termos do Regulamento Geral de Prote\u00e7\u00e3o de Dados (RGPD).<\/span><input type=\"checkbox\" name=\"checkbox-761[]\" value=\"Consinto a recolha, registo e tratamento dos meus dados nos termos do Regulamento Geral de Prote\u00e7\u00e3o de Dados (RGPD).\" tabindex=\"\" \/><\/span><\/span><\/span>\n<\/p>\n<p><input class=\"wpcf7-form-control has-spinner wpcf7-submit\" type=\"submit\" value=\"Enviar\" \/>\n<\/p><div class=\"wpcf7-response-output\" aria-hidden=\"true\"><\/div>\n<\/form>\n<\/div>\n\n","protected":false},"excerpt":{"rendered":"Gostaria de juntar-se \u00e0 CERCITOP,CRL e tornar-se Cooperante? Consulte aqui\u00a0memorando de Cooperativismo. &nbsp;","protected":false},"author":1,"featured_media":287,"parent":0,"menu_order":11,"comment_status":"closed","ping_status":"closed","template":"","meta":{"footnotes":""},"_links":{"self":[{"href":"https:\/\/www.cercitop.org\/www\/wp-json\/wp\/v2\/pages\/242"}],"collection":[{"href":"https:\/\/www.cercitop.org\/www\/wp-json\/wp\/v2\/pages"}],"about":[{"href":"https:\/\/www.cercitop.org\/www\/wp-json\/wp\/v2\/types\/page"}],"author":[{"embeddable":true,"href":"https:\/\/www.cercitop.org\/www\/wp-json\/wp\/v2\/users\/1"}],"replies":[{"embeddable":true,"href":"https:\/\/www.cercitop.org\/www\/wp-json\/wp\/v2\/comments?post=242"}],"version-history":[{"count":11,"href":"https:\/\/www.cercitop.org\/www\/wp-json\/wp\/v2\/pages\/242\/revisions"}],"predecessor-version":[{"id":465,"href":"https:\/\/www.cercitop.org\/www\/wp-json\/wp\/v2\/pages\/242\/revisions\/465"}],"wp:featuredmedia":[{"embeddable":true,"href":"https:\/\/www.cercitop.org\/www\/wp-json\/wp\/v2\/media\/287"}],"wp:attachment":[{"href":"https:\/\/www.cercitop.org\/www\/wp-json\/wp\/v2\/media?parent=242"}],"curies":[{"name":"wp","href":"https:\/\/api.w.org\/{rel}","templated":true}]}}